{"id":44,"date":"2016-08-29T17:36:12","date_gmt":"2016-08-29T15:36:12","guid":{"rendered":"http:\/\/hydra-holding.com\/hydra-technic\/?page_id=21"},"modified":"2022-04-27T10:02:31","modified_gmt":"2022-04-27T08:02:31","slug":"nos-references","status":"publish","type":"page","link":"https:\/\/hydra-holding.com\/hydra-connect\/nos-references\/","title":{"rendered":"Nos R\u00e9f\u00e9rences"},"content":{"rendered":"<p>[et_pb_section fb_built=\u00a0\u00bb1&Prime; admin_label=\u00a0\u00bbsection\u00a0\u00bb _builder_version=\u00a0\u00bb4.16&Prime; global_colors_info=\u00a0\u00bb{}\u00a0\u00bb][\/et_pb_section][et_pb_section fb_built=\u00a0\u00bb1&Prime; fullwidth=\u00a0\u00bbon\u00a0\u00bb _builder_version=\u00a0\u00bb4.16&Prime; _module_preset=\u00a0\u00bbdefault\u00a0\u00bb global_colors_info=\u00a0\u00bb{}\u00a0\u00bb][et_pb_fullwidth_post_title meta=\u00a0\u00bboff\u00a0\u00bb featured_image=\u00a0\u00bboff\u00a0\u00bb _builder_version=\u00a0\u00bb4.16&Prime; _module_preset=\u00a0\u00bbdefault\u00a0\u00bb custom_margin=\u00a0\u00bb||||true|false\u00a0\u00bb custom_padding=\u00a0\u00bb1.5em||1em||false|false\u00a0\u00bb border_width_top=\u00a0\u00bb1px\u00a0\u00bb border_color_top=\u00a0\u00bb#FFFFFF\u00a0\u00bb border_width_bottom=\u00a0\u00bb1px\u00a0\u00bb border_color_bottom=\u00a0\u00bb#FFFFFF\u00a0\u00bb global_colors_info=\u00a0\u00bb{}\u00a0\u00bb][\/et_pb_fullwidth_post_title][\/et_pb_section][et_pb_section fb_built=\u00a0\u00bb1&Prime; _builder_version=\u00a0\u00bb4.16&Prime; _module_preset=\u00a0\u00bbdefault\u00a0\u00bb global_colors_info=\u00a0\u00bb{}\u00a0\u00bb][et_pb_row _builder_version=\u00a0\u00bb4.16&Prime; _module_preset=\u00a0\u00bbdefault\u00a0\u00bb custom_padding=\u00a0\u00bb8px|||||\u00a0\u00bb global_colors_info=\u00a0\u00bb{}\u00a0\u00bb][et_pb_column type=\u00a0\u00bb4_4&Prime; _builder_version=\u00a0\u00bb4.16&Prime; _module_preset=\u00a0\u00bbdefault\u00a0\u00bb global_colors_info=\u00a0\u00bb{}\u00a0\u00bb][et_pb_text _builder_version=\u00a0\u00bb4.16&Prime; _module_preset=\u00a0\u00bbdefault\u00a0\u00bb background_color=\u00a0\u00bb#000000&Prime; animation_style=\u00a0\u00bbslide\u00a0\u00bb animation_direction=\u00a0\u00bbleft\u00a0\u00bb animation_duration=\u00a0\u00bb1150ms\u00a0\u00bb global_colors_info=\u00a0\u00bb{}\u00a0\u00bb]<\/p>\n<blockquote>\n<p><strong>Nos diff\u00e9rents services sont \u00e0 votre \u00e9coute pour vous faire part de notre exp\u00e9rience et vous proposer les meilleures solutions.<\/strong><\/p>\n<\/blockquote>\n<p><img loading=\"lazy\" decoding=\"async\" width=\"1200\" height=\"300\" src=\"https:\/\/hydra-holding.com\/hydra-connect\/wp-content\/uploads\/sites\/2\/2022\/04\/STOCK-connection-hydraulique-1200x300-1.jpg\" alt=\"\" class=\"size-medium alignnone\" \/><\/p>\n<p>[\/et_pb_text][et_pb_text _builder_version=\u00a0\u00bb4.17.3&Prime; _module_preset=\u00a0\u00bbdefault\u00a0\u00bb hover_enabled=\u00a0\u00bb0&Prime; global_colors_info=\u00a0\u00bb{}\u00a0\u00bb sticky_enabled=\u00a0\u00bb0&Prime;]<\/p>\n<ul>\n<li><strong>AGRICOLE\/VITICOLE<\/strong><span>\u00a0<\/span>:\u00a0Berthoud \u2013 Boisselet \u2013 Bourgoin \u2013 Cochet \u2013 GB industrie \u2013 Gr\u00e9goire Besson \u2013 Morgnieux \u2013 Rabaud \u2013 Yanigav<\/li>\n<li><strong>ENVIRONNEMENT<\/strong><span>\u00a0<\/span>:\u00a0Faun \u2013 Noremat \u2013 Rabaud \u2013 Rousseau \u2013 SMA<\/li>\n<li><strong>TP\/MANUTENTION<\/strong><span>\u00a0<\/span>:\u00a0ACB \u2013 Eurofor \u2013 France El\u00e9vateur \u2013 Manjot \u2013 Mecalac \u2013 Theam \u2013 Transmanut<\/li>\n<li><strong>INDUSTRIES DIVERSES<\/strong>\u00a0:\u00a0Almac \u2013 Billion \u2013 Desautel \u2013 Gimaex \u2013 Mecanofer \u2013\u00a0Pialleport \u2013<\/li>\n<li><strong>RTE\/EDF<\/strong><span>\u00a0<\/span>\u2013 Titan Aviation \u2013 Villeton<\/li>\n<li><strong>EXPORT<\/strong><span>\u00a0<\/span>: Groupe Cocitam \u2013<span>\u00a0Diesel Gabon &#8211;<\/span> ENMTP \u2013 FIAG \u00a0\u2013 Hydrau Equip \u2013 Groupe TOKHEIM<\/li>\n<\/ul>\n<p>[\/et_pb_text][\/et_pb_column][\/et_pb_row][et_pb_row _builder_version=\u00a0\u00bb4.17.0&Prime; _module_preset=\u00a0\u00bbdefault\u00a0\u00bb custom_margin=\u00a0\u00bb||0px||false|false\u00a0\u00bb custom_padding=\u00a0\u00bb||0px||false|false\u00a0\u00bb animation_style=\u00a0\u00bbfade\u00a0\u00bb global_colors_info=\u00a0\u00bb{}\u00a0\u00bb][et_pb_column type=\u00a0\u00bb4_4&Prime; _builder_version=\u00a0\u00bb4.16&Prime; _module_preset=\u00a0\u00bbdefault\u00a0\u00bb background_color=\u00a0\u00bb#000000&Prime; global_colors_info=\u00a0\u00bb{}\u00a0\u00bb][et_pb_gallery gallery_ids=\u00a0\u00bb289,93,92,91,90,89,88,87&Prime; _builder_version=\u00a0\u00bb4.16&Prime; _module_preset=\u00a0\u00bbdefault\u00a0\u00bb title_font=\u00a0\u00bb|300|||||||\u00a0\u00bb title_font_size=\u00a0\u00bb14px\u00a0\u00bb caption_font_size=\u00a0\u00bb12px\u00a0\u00bb global_colors_info=\u00a0\u00bb{}\u00a0\u00bb][\/et_pb_gallery][\/et_pb_column][\/et_pb_row][\/et_pb_section]<\/p>\n","protected":false},"excerpt":{"rendered":"<p>Nos diff\u00e9rents services sont \u00e0 votre \u00e9coute pour vous faire part de notre exp\u00e9rience et vous proposer les meilleures solutions. AGRICOLE\/VITICOLE\u00a0:\u00a0Berthoud \u2013 Boisselet \u2013 Bourgoin \u2013 Cochet \u2013 GB industrie \u2013 Gr\u00e9goire Besson \u2013 Morgnieux \u2013 Rabaud \u2013 Yanigav ENVIRONNEMENT\u00a0:\u00a0Faun \u2013 Noremat \u2013 Rabaud \u2013 Rousseau \u2013 SMA TP\/MANUTENTION\u00a0:\u00a0ACB \u2013 Eurofor \u2013 France El\u00e9vateur \u2013 [&hellip;]<\/p>\n","protected":false},"author":1,"featured_media":0,"parent":0,"menu_order":0,"comment_status":"closed","ping_status":"closed","template":"","meta":{"_et_pb_use_builder":"on","_et_pb_old_content":"","_et_gb_content_width":"","footnotes":""},"class_list":["post-44","page","type-page","status-publish","hentry"],"_links":{"self":[{"href":"https:\/\/hydra-holding.com\/hydra-connect\/wp-json\/wp\/v2\/pages\/44"}],"collection":[{"href":"https:\/\/hydra-holding.com\/hydra-connect\/wp-json\/wp\/v2\/pages"}],"about":[{"href":"https:\/\/hydra-holding.com\/hydra-connect\/wp-json\/wp\/v2\/types\/page"}],"author":[{"embeddable":true,"href":"https:\/\/hydra-holding.com\/hydra-connect\/wp-json\/wp\/v2\/users\/1"}],"replies":[{"embeddable":true,"href":"https:\/\/hydra-holding.com\/hydra-connect\/wp-json\/wp\/v2\/comments?post=44"}],"version-history":[{"count":33,"href":"https:\/\/hydra-holding.com\/hydra-connect\/wp-json\/wp\/v2\/pages\/44\/revisions"}],"predecessor-version":[{"id":324,"href":"https:\/\/hydra-holding.com\/hydra-connect\/wp-json\/wp\/v2\/pages\/44\/revisions\/324"}],"wp:attachment":[{"href":"https:\/\/hydra-holding.com\/hydra-connect\/wp-json\/wp\/v2\/media?parent=44"}],"curies":[{"name":"wp","href":"https:\/\/api.w.org\/{rel}","templated":true}]}}